{"id":109834,"date":"2020-07-08T05:28:56","date_gmt":"2020-07-08T05:28:56","guid":{"rendered":"http:\/\/www.haber49.com.tr\/?page_id=16250"},"modified":"2025-08-22T15:41:16","modified_gmt":"2025-08-22T15:41:16","slug":"ana-sayfa","status":"publish","type":"page","link":"https:\/\/kolektifpost.com\/?page_id=109834","title":{"rendered":"Ana Sayfa"},"content":{"rendered":"\t\t<div data-elementor-type=\"wp-page\" data-elementor-id=\"109834\" class=\"elementor elementor-109834\">\n\t\t\t\t<div class=\"elementor-element elementor-element-250bc91 e-flex e-con-boxed e-con e-parent\" data-id=\"250bc91\" data-element_type=\"container\">\n\t\t\t\t\t<div class=\"e-con-inner\">\n\t\t<div class=\"elementor-element elementor-element-3242f0a e-con-full e-flex e-con e-child\" data-id=\"3242f0a\" data-element_type=\"container\">\n\t\t\t\t<div class=\"elementor-element elementor-element-a3fb794 elementor-widget elementor-widget-ronse_slider\" data-id=\"a3fb794\" data-element_type=\"widget\" data-widget_type=\"ronse_slider.default\">\n\t\t\t\t<div class=\"elementor-widget-container\">\n\t\t\t\t\t        <div class=\"swiper numarali tam-genislik solda\">\n            <div class=\"swiper-wrapper\">\n                                    <div class=\"swiper-slide ronse-slider-url ronse-slider-detay\">\n                        <a href=\"https:\/\/kolektifpost.com\/?p=112528\">\n                                                            <img decoding=\"async\" loading=\"lazy\" class=\"slider-gorseli\" src=\"\" alt=\"S\u00fcrecin bir y\u0131l\u0131: Kayy\u0131mlar, operasyonlar, h\u00e2l\u00e2 \u2018ad\u0131m\u2019 bekleyen talepler\u2026\">\n                                                                                                <h3 title=\"S\u00fcrecin bir y\u0131l\u0131: Kayy\u0131mlar, operasyonlar, h\u00e2l\u00e2 \u2018ad\u0131m\u2019 bekleyen talepler\u2026\" class=\"haber-baslik\">S\u00fcrecin bir y\u0131l\u0131: Kayy\u0131mlar, operasyonlar, h\u00e2l\u00e2 \u2018ad\u0131m\u2019 bekleyen talepler\u2026<\/h3>\n                                                    <\/a>\n                    <\/div>\n                                    <div class=\"swiper-slide ronse-slider-url \">\n                        <a href=\"https:\/\/kolektifpost.com\/?p=112489\">\n                                                            <img decoding=\"async\" loading=\"lazy\" class=\"slider-gorseli\" src=\"https:\/\/kolektifpost.com\/wp-content\/uploads\/2025\/08\/Israilin-Gazadaki-Isgali-Tepkisi.png\" alt=\"\u0130srail&#8217;in Gazze \u015eehrini \u0130\u015fgal Plan\u0131 Tepkiyle Kar\u015f\u0131land\u0131\">\n                                                    <\/a>\n                    <\/div>\n                                    <div class=\"swiper-slide ronse-slider-url \">\n                        <a href=\"https:\/\/kolektifpost.com\/?p=112481\">\n                                                            <img decoding=\"async\" loading=\"lazy\" class=\"slider-gorseli\" src=\"https:\/\/kolektifpost.com\/wp-content\/uploads\/2025\/08\/kolektif-3.png\" alt=\"G\u00fcn\u00fcn Haberleri: Sahte diploma, diplomasi..\">\n                                                    <\/a>\n                    <\/div>\n                                    <div class=\"swiper-slide ronse-slider-url \">\n                        <a href=\"https:\/\/kolektifpost.com\/?p=112469\">\n                                                            <img decoding=\"async\" loading=\"lazy\" class=\"slider-gorseli\" src=\"https:\/\/kolektifpost.com\/wp-content\/uploads\/2025\/08\/Israilin-Gazze-Isgali-Protestolara-Ragmen-Devam-Ediyor-2.jpg\" alt=\"\u0130srail&#8217;in Gazze \u0130\u015fgali Protestolara Ra\u011fmen Devam Ediyor\">\n                                                    <\/a>\n                    <\/div>\n                                    <div class=\"swiper-slide ronse-slider-url \">\n                        <a href=\"https:\/\/kolektifpost.com\/?p=112462\">\n                                                            <img decoding=\"async\" loading=\"lazy\" class=\"slider-gorseli\" src=\"https:\/\/kolektifpost.com\/wp-content\/uploads\/2025\/08\/manset.png\" alt=\"G\u00fcn\u00fcn haberleri&#8230; Komisyon, Sahte belge, orman k\u0131y\u0131m\u0131, diplomasi&#8230;\">\n                                                    <\/a>\n                    <\/div>\n                                    <div class=\"swiper-slide ronse-slider-url \">\n                        <a href=\"https:\/\/kolektifpost.com\/?p=112451\">\n                                                            <img decoding=\"async\" loading=\"lazy\" class=\"slider-gorseli\" src=\"https:\/\/kolektifpost.com\/wp-content\/uploads\/2025\/08\/Hamdi-Ulukayanin-Fenerbahceye-Sponsor-Olmasi-Uzerinden-Kurt-Turk-Iliskilerini-Sermaye-Baglaminda-Yeniden-Okumak-1.jpg\" alt=\"Hamdi Ulukaya&#8217;n\u0131n Fenerbah\u00e7e Sponsorlu\u011fu \u00dczerinden K\u00fcrt-T\u00fcrk \u0130li\u015fkilerini Sermaye Ba\u011flam\u0131nda Yeniden Okumak\">\n                                                    <\/a>\n                    <\/div>\n                                    <div class=\"swiper-slide ronse-slider-url \">\n                        <a href=\"https:\/\/kolektifpost.com\/?p=112448\">\n                                                            <img decoding=\"async\" loading=\"lazy\" class=\"slider-gorseli\" src=\"https:\/\/kolektifpost.com\/wp-content\/uploads\/2025\/08\/Mazlum-Abdi-Ademi-merkeziyetci-Suriye-ile-herkes-kazanir.jpg\" alt=\"Mazlum Abdi: Ademi merkeziyet\u00e7i Suriye ile herkes kazan\u0131r\">\n                                                    <\/a>\n                    <\/div>\n                                    <div class=\"swiper-slide ronse-slider-url \">\n                        <a href=\"https:\/\/kolektifpost.com\/?p=112443\">\n                                                            <img decoding=\"async\" loading=\"lazy\" class=\"slider-gorseli\" src=\"https:\/\/kolektifpost.com\/wp-content\/uploads\/2025\/08\/Abdullah-Ocalandan-komisyon-onerisi-Yasal-zemin-olmali.jpg\" alt=\"Abdullah \u00d6calan\u2019dan komisyon \u00f6nerisi: Yasal zemin olmal\u0131\">\n                                                    <\/a>\n                    <\/div>\n                                    <div class=\"swiper-slide ronse-slider-url \">\n                        <a href=\"https:\/\/kolektifpost.com\/?p=112437\">\n                                                            <img decoding=\"async\" loading=\"lazy\" class=\"slider-gorseli\" src=\"https:\/\/kolektifpost.com\/wp-content\/uploads\/2025\/07\/dem-parti-pmden-demokratik-entegrasyon-vurgusu-rkgl.webp\" alt=\"DEM Parti PM&#8217;den &#8216;demokratik entegrasyon&#8217; vurgusu\">\n                                                    <\/a>\n                    <\/div>\n                                    <div class=\"swiper-slide ronse-slider-url \">\n                        <a href=\"https:\/\/kolektifpost.com\/?p=112432\">\n                                                            <img decoding=\"async\" loading=\"lazy\" class=\"slider-gorseli\" src=\"https:\/\/kolektifpost.com\/wp-content\/uploads\/2025\/07\/18-gunde-61-orman-yangini-cikti-4-kisi-tutuklandi-xbgq.webp\" alt=\"18 g\u00fcnde 61 orman yang\u0131n\u0131: 4 tutuklama\">\n                                                    <\/a>\n                    <\/div>\n                                    <div class=\"swiper-slide ronse-slider-url ronse-slider-detay\">\n                        <a href=\"https:\/\/kolektifpost.com\/?p=112429\">\n                                                            <img decoding=\"async\" loading=\"lazy\" class=\"slider-gorseli\" src=\"\" alt=\"Emine Ocak hayat\u0131n\u0131 kaybetti.. 30 y\u0131ll\u0131k kay\u0131p m\u00fccadelesinin sembol ismiydi\">\n                                                                                                <h3 title=\"Emine Ocak hayat\u0131n\u0131 kaybetti.. 30 y\u0131ll\u0131k kay\u0131p m\u00fccadelesinin sembol ismiydi\" class=\"haber-baslik\">Emine Ocak hayat\u0131n\u0131 kaybetti.. 30 y\u0131ll\u0131k kay\u0131p m\u00fccadelesinin sembol ismiydi<\/h3>\n                                                    <\/a>\n                    <\/div>\n                                    <div class=\"swiper-slide ronse-slider-url ronse-slider-detay\">\n                        <a href=\"https:\/\/kolektifpost.com\/?p=112403\">\n                                                            <img decoding=\"async\" loading=\"lazy\" class=\"slider-gorseli\" src=\"https:\/\/kolektifpost.com\/wp-content\/uploads\/2025\/07\/barisa-ihtiyacim-var-kadin-inisiyatifinden-meclis-onunde-bulusma-cagrisi-zovz.webp\" alt=\"Y\u00fczlerce kad\u0131n ka\u00e7\u0131r\u0131ld\u0131: Bar\u0131\u015fa \u0130htiyac\u0131m Var Kad\u0131n \u0130nisiyatifi 7 ilde eylem yapacak\">\n                                                                                                <h3 title=\"Y\u00fczlerce kad\u0131n ka\u00e7\u0131r\u0131ld\u0131: Bar\u0131\u015fa \u0130htiyac\u0131m Var Kad\u0131n \u0130nisiyatifi 7 ilde eylem yapacak\" class=\"haber-baslik\">Y\u00fczlerce kad\u0131n ka\u00e7\u0131r\u0131ld\u0131: Bar\u0131\u015fa \u0130htiyac\u0131m Var Kad\u0131n \u0130nisiyatifi 7 ilde eylem yapacak<\/h3>\n                                                    <\/a>\n                    <\/div>\n                                    <div class=\"swiper-slide ronse-slider-url ronse-slider-detay\">\n                        <a href=\"https:\/\/kolektifpost.com\/?p=112400\">\n                                                            <img decoding=\"async\" loading=\"lazy\" class=\"slider-gorseli\" src=\"https:\/\/kolektifpost.com\/wp-content\/uploads\/2025\/07\/chp-belediye-baskanlarini-ankaraya-cagirdi-zybi.webp\" alt=\"CHP, G\u00fcrlek ve 2 savc\u0131y\u0131 HSK&#8217;ya \u015fikayet etti\">\n                                                                                                <h3 title=\"CHP, G\u00fcrlek ve 2 savc\u0131y\u0131 HSK&#8217;ya \u015fikayet etti\" class=\"haber-baslik\">CHP, G\u00fcrlek ve 2 savc\u0131y\u0131 HSK&#8217;ya \u015fikayet etti<\/h3>\n                                                    <\/a>\n                    <\/div>\n                                    <div class=\"swiper-slide ronse-slider-url ronse-slider-detay\">\n                        <a href=\"https:\/\/kolektifpost.com\/?p=112394\">\n                                                            <img decoding=\"async\" loading=\"lazy\" class=\"slider-gorseli\" src=\"https:\/\/kolektifpost.com\/wp-content\/uploads\/2025\/07\/barrack-onumuzdeki-haftalarda-ilerleme-kaydedilebilir-oaz6.webp\" alt=\"SDG ile g\u00f6r\u00fc\u015fmeler&#8230; Barrack: \u00d6n\u00fcm\u00fczdeki haftalarda ilerleme kaydedilebilir\">\n                                                                                                <h3 title=\"SDG ile g\u00f6r\u00fc\u015fmeler&#8230; Barrack: \u00d6n\u00fcm\u00fczdeki haftalarda ilerleme kaydedilebilir\" class=\"haber-baslik\">SDG ile g\u00f6r\u00fc\u015fmeler&#8230; Barrack: \u00d6n\u00fcm\u00fczdeki haftalarda ilerleme kaydedilebilir<\/h3>\n                                                    <\/a>\n                    <\/div>\n                                    <div class=\"swiper-slide ronse-slider-url ronse-slider-detay\">\n                        <a href=\"https:\/\/kolektifpost.com\/?p=112391\">\n                                                            <img decoding=\"async\" loading=\"lazy\" class=\"slider-gorseli\" src=\"https:\/\/kolektifpost.com\/wp-content\/uploads\/2025\/07\/ibrahim-kalin-meclis-turunda-dem-parti-gorusmesi-basladi-tiff.webp\" alt=\"Meclis&#8217;te s\u00fcre\u00e7 turlar\u0131: \u0130brahim Kal\u0131n, AKP ve MHP&#8217;nin ard\u0131ndan DEM Parti ile g\u00f6r\u00fc\u015ft\u00fc\">\n                                                                                                <h3 title=\"Meclis&#8217;te s\u00fcre\u00e7 turlar\u0131: \u0130brahim Kal\u0131n, AKP ve MHP&#8217;nin ard\u0131ndan DEM Parti ile g\u00f6r\u00fc\u015ft\u00fc\" class=\"haber-baslik\">Meclis&#8217;te s\u00fcre\u00e7 turlar\u0131: \u0130brahim Kal\u0131n, AKP ve MHP&#8217;nin ard\u0131ndan DEM Parti ile g\u00f6r\u00fc\u015ft\u00fc<\/h3>\n                                                    <\/a>\n                    <\/div>\n                            <\/div>\n                            <div class=\"swiper-button-next\"><\/div>\n                <div class=\"swiper-button-prev\"><\/div>\n                        <div class=\"swiper-pagination\"><\/div>\n        <\/div>\n        \t\t\t\t<\/div>\n\t\t\t\t<\/div>\n\t\t\t\t<\/div>\n\t\t<div class=\"elementor-element elementor-element-0d14b23 e-con-full e-flex e-con e-child\" data-id=\"0d14b23\" data-element_type=\"container\">\n\t\t<div class=\"elementor-element elementor-element-7b3b6a8 e-con-full e-flex e-con e-child\" data-id=\"7b3b6a8\" data-element_type=\"container\">\n\t\t\t\t<div class=\"elementor-element elementor-element-d9bf9d7 elementor-widget elementor-widget-ronse_slider_dikey\" data-id=\"d9bf9d7\" data-element_type=\"widget\" data-widget_type=\"ronse_slider_dikey.default\">\n\t\t\t\t<div class=\"elementor-widget-container\">\n\t\t\t\t\t        <div class=\"swiper dikey-numarali tam-genislik sol\">\n            <div class=\"swiper-wrapper\">\n                            <\/div>\n            <div class=\"swiper-pagination\"><\/div>\n        <\/div>\n        \t\t\t\t<\/div>\n\t\t\t\t<\/div>\n\t\t\t\t<\/div>\n\t\t<div class=\"elementor-element elementor-element-6284542 e-con-full e-flex e-con e-child\" data-id=\"6284542\" data-element_type=\"container\">\n\t\t\t\t<div class=\"elementor-element elementor-element-400889d elementor-widget elementor-widget-ronse_slider_dikey\" data-id=\"400889d\" data-element_type=\"widget\" data-widget_type=\"ronse_slider_dikey.default\">\n\t\t\t\t<div class=\"elementor-widget-container\">\n\t\t\t\t\t        <div class=\"swiper dikey-numarali tam-genislik sag\">\n            <div class=\"swiper-wrapper\">\n                            <\/div>\n            <div class=\"swiper-pagination\"><\/div>\n        <\/div>\n        \t\t\t\t<\/div>\n\t\t\t\t<\/div>\n\t\t\t\t<\/div>\n\t\t\t\t<\/div>\n\t\t\t\t\t<\/div>\n\t\t\t\t<\/div>\n\t\t<div class=\"elementor-element elementor-element-c027fd6 e-flex e-con-boxed e-con e-parent\" data-id=\"c027fd6\" data-element_type=\"container\">\n\t\t\t\t\t<div class=\"e-con-inner\">\n\t\t\t\t<div class=\"elementor-element elementor-element-3d9eb55 elementor-widget elementor-widget-ronse_grid_haber_1\" data-id=\"3d9eb55\" data-element_type=\"widget\" data-widget_type=\"ronse_grid_haber_1.default\">\n\t\t\t\t<div class=\"elementor-widget-container\">\n\t\t\t\t\t                <div class=\"ronse-baslik-kapsayici-icerik-alani mb-4\">\n            <div class=\"ronse-baslik-kapsayicisi ronse-genel-baslik\">\n                <h6 style=\"background-color: \"\n                    class=\"title text-uppercase\">Politika<\/h6>\n                <div class=\"ronse-baslik-cizgileri\"><\/div>\n            <\/div>\n            <div class=\"ronse-tum-icerik-butonu ronse-tum-icerik-butonu-iki\">\n                <a style=\"background-color: \"\n                   href=\"\"\n                   class=\"link-btn\">T\u00fcm Haberler<\/a>\n            <\/div>\n        <\/div>\n            <div class=\"grid-haberler kart-haberler grid-tasarim2\">\n                    <\/div>\n            \t\t\t\t<\/div>\n\t\t\t\t<\/div>\n\t\t\t\t\t<\/div>\n\t\t\t\t<\/div>\n\t\t<div class=\"elementor-element elementor-element-ce50106 e-flex e-con-boxed e-con e-parent\" data-id=\"ce50106\" data-element_type=\"container\">\n\t\t\t\t\t<div class=\"e-con-inner\">\n\t\t<div class=\"elementor-element elementor-element-e3baec6 e-con-full e-flex e-con e-child\" data-id=\"e3baec6\" data-element_type=\"container\">\n\t\t\t\t<div class=\"elementor-element elementor-element-9bb8f76 elementor-widget elementor-widget-ronse_grid_haber_3\" data-id=\"9bb8f76\" data-element_type=\"widget\" data-widget_type=\"ronse_grid_haber_3.default\">\n\t\t\t\t<div class=\"elementor-widget-container\">\n\t\t\t\t\t                <div class=\"ronse-baslik-kapsayici-icerik-alani mb-4\">\n            <div class=\"ronse-baslik-kapsayicisi ronse-genel-baslik\">\n                <h6 style=\"background-color: \"\n                    class=\"title text-uppercase\">DOSYA<\/h6>\n                <div class=\"ronse-baslik-cizgileri\"><\/div>\n            <\/div>\n            <div class=\"ronse-tum-icerik-butonu ronse-tum-icerik-butonu-iki\">\n                <a style=\"background-color: \"\n                   href=\"https:\/\/kolektifpost.com\/?cat=4\" class=\"link-btn\">T\u00fcm Haberler<\/a>\n            <\/div>\n        <\/div>\n                    <div class=\"row mt-4\">\n                    <\/div>\n    \t\t\t\t<\/div>\n\t\t\t\t<\/div>\n\t\t\t\t<\/div>\n\t\t<div class=\"elementor-element elementor-element-1dfa265 e-con-full e-flex e-con e-child\" data-id=\"1dfa265\" data-element_type=\"container\">\n\t\t\t\t<div class=\"elementor-element elementor-element-dfaf36d elementor-widget elementor-widget-ronse_lastest_news\" data-id=\"dfaf36d\" data-element_type=\"widget\" data-widget_type=\"ronse_lastest_news.default\">\n\t\t\t\t<div class=\"elementor-widget-container\">\n\t\t\t\t\t                <div class=\"haber-listesi\">\n            <div class=\"haberler\">\n                <h2 class=\"baslik\">YA\u015eAM<\/h2>\n                <p>\n                                    <\/p>\n            <\/div>\n        <\/div>\n    \n        \t\t\t\t<\/div>\n\t\t\t\t<\/div>\n\t\t\t\t<\/div>\n\t\t\t\t\t<\/div>\n\t\t\t\t<\/div>\n\t\t\t\t<\/div>\n\t\t","protected":false},"excerpt":{"rendered":"<p>Milli Dayan\u0131\u015fma, Karde\u015flik ve Demokrasi Komisyonu: K\u00fcrt Meselesinde Meclis Zemininde Yeni Bir Sayfa Emine Ocak hayat\u0131n\u0131 kaybetti.. 30 y\u0131ll\u0131k kay\u0131p m\u00fccadelesinin sembol ismiydi CHP, G\u00fcrlek ve 2 savc\u0131y\u0131 HSK&#8217;ya \u015fikayet etti SDG ile g\u00f6r\u00fc\u015fmeler&#8230; Barrack: \u00d6n\u00fcm\u00fczdeki haftalarda ilerleme kaydedilebilir Meclis&#8217;te s\u00fcre\u00e7 turlar\u0131: \u0130brahim Kal\u0131n, AKP ve MHP&#8217;nin ard\u0131ndan DEM Parti ile g\u00f6r\u00fc\u015ft\u00fc Kurtulmu\u015f-Bah\u00e7eli g\u00f6r\u00fc\u015fmesi: Meclis&#8217;te [&hellip;]<\/p>\n","protected":false},"author":1,"featured_media":0,"parent":0,"menu_order":0,"comment_status":"closed","ping_status":"closed","template":"elementor_header_footer","meta":{"footnotes":""},"class_list":["post-109834","page","type-page","status-publish","hentry"],"_links":{"self":[{"href":"https:\/\/kolektifpost.com\/index.php?rest_route=\/wp\/v2\/pages\/109834","targetHints":{"allow":["GET"]}}],"collection":[{"href":"https:\/\/kolektifpost.com\/index.php?rest_route=\/wp\/v2\/pages"}],"about":[{"href":"https:\/\/kolektifpost.com\/index.php?rest_route=\/wp\/v2\/types\/page"}],"author":[{"embeddable":true,"href":"https:\/\/kolektifpost.com\/index.php?rest_route=\/wp\/v2\/users\/1"}],"replies":[{"embeddable":true,"href":"https:\/\/kolektifpost.com\/index.php?rest_route=%2Fwp%2Fv2%2Fcomments&post=109834"}],"version-history":[{"count":18,"href":"https:\/\/kolektifpost.com\/index.php?rest_route=\/wp\/v2\/pages\/109834\/revisions"}],"predecessor-version":[{"id":112512,"href":"https:\/\/kolektifpost.com\/index.php?rest_route=\/wp\/v2\/pages\/109834\/revisions\/112512"}],"wp:attachment":[{"href":"https:\/\/kolektifpost.com\/index.php?rest_route=%2Fwp%2Fv2%2Fmedia&parent=109834"}],"curies":[{"name":"wp","href":"https:\/\/api.w.org\/{rel}","templated":true}]}}